{"id":623,"date":"2021-09-20T15:08:51","date_gmt":"2021-09-20T12:08:51","guid":{"rendered":"https:\/\/balgathukuk.com\/?page_id=623"},"modified":"2022-02-28T15:57:51","modified_gmt":"2022-02-28T12:57:51","slug":"avukat-arabulucu-firat-baydar","status":"publish","type":"page","link":"https:\/\/balgathukuk.com\/?page_id=623","title":{"rendered":"Avukat \/ Arabulucu F\u0131rat Baydar"},"content":{"rendered":"<div data-colibri-id=\"623-c1\" class=\"style-1348 style-local-623-c1 position-relative\">\r\n  <!---->\r\n  <div data-colibri-component=\"section\" data-colibri-id=\"623-c2\" id=\"custom\" class=\"h-section h-section-global-spacing d-flex align-items-lg-center align-items-md-center align-items-center style-1360 style-local-623-c2 position-relative\">\r\n    <!---->\r\n    <!---->\r\n    <div class=\"h-section-grid-container h-section-boxed-container\">\r\n      <!---->\r\n      <div data-colibri-id=\"623-c3\" class=\"h-row-container gutters-row-lg-2 gutters-row-md-2 gutters-row-0 gutters-row-v-lg-2 gutters-row-v-md-2 gutters-row-v-2 style-1361 style-local-623-c3 position-relative\">\r\n        <!---->\r\n        <div class=\"h-row justify-content-lg-center justify-content-md-center justify-content-center align-items-lg-stretch align-items-md-stretch align-items-stretch gutters-col-lg-2 gutters-col-md-2 gutters-col-0 gutters-col-v-lg-2 gutters-col-v-md-2 gutters-col-v-2\">\r\n          <!---->\r\n          <div class=\"h-column h-column-container d-flex h-col-lg-auto h-col-md-auto h-col-auto style-1362-outer style-local-623-c4-outer\">\r\n            <div data-colibri-id=\"623-c4\" class=\"d-flex h-flex-basis h-column__inner h-px-lg-2 h-px-md-2 h-px-2 v-inner-lg-2 v-inner-md-2 v-inner-2 style-1362 style-local-623-c4 position-relative\">\r\n              <!---->\r\n              <!---->\r\n              <div class=\"w-100 h-y-container h-column__content h-column__v-align flex-basis-100 align-self-lg-start align-self-md-start align-self-start\">\r\n                <!---->\r\n                <div data-colibri-id=\"623-c5\" class=\"d-block style-1374 style-local-623-c5 position-relative h-element\">\r\n                  <!---->\r\n                  <div class=\"h-image__frame-container-outer\">\r\n                    <div class=\"h-image__frame-container\">\r\n                      <!---->\r\n                      <!---->\r\n                      <img src=\"https:\/\/balgathukuk.com\/wp-content\/uploads\/2021\/09\/firat_baydar-275x300.jpeg\" class=\"style-1374-image style-local-623-c5-image\">\r\n                      <div class=\"h-image__frame h-hide-lg h-hide-md h-hide-sm style-1374-frameImage style-local-623-c5-frameImage\"><\/div>\r\n                    <\/div>\r\n                  <\/div>\r\n                <\/div>\r\n              <\/div>\r\n            <\/div>\r\n          <\/div>\r\n        <\/div>\r\n      <\/div>\r\n    <\/div>\r\n  <\/div>\r\n  <div data-colibri-component=\"section\" data-colibri-id=\"623-c6\" id=\"custom-2\" class=\"h-section h-section-global-spacing d-flex align-items-lg-center align-items-md-center align-items-center style-1375 style-local-623-c6 position-relative\">\r\n    <!---->\r\n    <!---->\r\n    <div class=\"h-section-grid-container h-section-boxed-container\">\r\n      <!---->\r\n      <div data-colibri-id=\"623-c7\" class=\"h-row-container gutters-row-lg-2 gutters-row-md-2 gutters-row-0 gutters-row-v-lg-2 gutters-row-v-md-2 gutters-row-v-2 style-1376 style-local-623-c7 position-relative\">\r\n        <!---->\r\n        <div class=\"h-row justify-content-lg-center justify-content-md-center justify-content-center align-items-lg-stretch align-items-md-stretch align-items-stretch gutters-col-lg-2 gutters-col-md-2 gutters-col-0 gutters-col-v-lg-2 gutters-col-v-md-2 gutters-col-v-2\">\r\n          <!---->\r\n          <div class=\"h-column h-column-container d-flex h-col-lg-auto h-col-md-auto h-col-auto style-1377-outer style-local-623-c8-outer\">\r\n            <div data-colibri-id=\"623-c8\" class=\"d-flex h-flex-basis h-column__inner h-px-lg-2 h-px-md-2 h-px-2 v-inner-lg-2 v-inner-md-2 v-inner-2 style-1377 style-local-623-c8 position-relative\">\r\n              <!---->\r\n              <!---->\r\n              <div class=\"w-100 h-y-container h-column__content h-column__v-align flex-basis-100 align-self-lg-start align-self-md-start align-self-start\">\r\n                <!---->\r\n                <div data-colibri-id=\"623-c9\" class=\"h-text h-text-component style-1378 style-local-623-c9 position-relative h-element\">\r\n                  <!---->\r\n                  <!---->\r\n                  <div class=\"\">\r\n                    <p>1990 y\u0131l\u0131nda Ankara ili \u015eerefliko\u00e7hisar il\u00e7esinde d\u00fcnyaya geldi. Y\u00fcksek ba\u015far\u0131 bursu ile e\u011fitimini tamamlad\u0131\u011f\u0131 At\u0131l\u0131m \u00dcniversitesi Hukuk Fak\u00fcltesi B\u00f6l\u00fcm\u00fcnden T\u00fcrkiye Barolar Birli\u011fi&#8217;ne ba\u011fl\u0131 bir \u00e7ok etkinlikte yer alarak 2018 y\u0131l\u0131nda\r\n                      mezun oldu. 2019 y\u0131l\u0131nda avukatl\u0131k staj\u0131n\u0131 tamamlayarak ruhsat\u0131n\u0131 al\u0131p, 2020 y\u0131l\u0131nda girdi\u011fi Arabuluculuk s\u0131nav\u0131nda y\u00fcksek ba\u015far\u0131 g\u00f6stererek Arabulucu Avukat oldu.<\/p>\r\n                    <p>Halen; Ankara Barosu levhas\u0131na kay\u0131tl\u0131 avukat ve Adalet Bakanl\u0131\u011f\u0131 Arabulucuk Dairesi&#8217;ne ba\u011fl\u0131 olarak arabuluculuk faaliyetlerini s\u00fcrd\u00fcrmektedir. &#8220;Uzla\u015ft\u0131rma, CMK, Sigorta Hukukunda Uzman Arabulucu, \u0130\u015f Hukukunda Uzman Arabulucu, T\u00fcketici\r\n                      Hukukunda Uzman Arabulucu, Ticaret Hukukunda Uzman Arabulucu, Fikri Ve Sinai Haklar Hukukunda Uzman Arabulucu, Ceza Muhakemesi Do\u011frudan Soru Sorma Teknikleri&#8221; konular\u0131nda sertifikalar\u0131 bulunmaktad\u0131r.<\/p>\r\n                  <\/div>\r\n                <\/div>\r\n              <\/div>\r\n            <\/div>\r\n          <\/div>\r\n        <\/div>\r\n      <\/div>\r\n    <\/div>\r\n  <\/div>\r\n  <div data-colibri-component=\"section\" data-colibri-id=\"623-c10\" id=\"custom-3\" class=\"h-section h-section-global-spacing d-flex align-items-lg-center align-items-md-center align-items-center style-1379 style-local-623-c10 position-relative\">\r\n    <!---->\r\n    <!---->\r\n    <div class=\"h-section-grid-container h-section-boxed-container\">\r\n      <!---->\r\n      <div data-colibri-id=\"623-c11\" class=\"h-row-container gutters-row-lg-2 gutters-row-md-2 gutters-row-0 gutters-row-v-lg-2 gutters-row-v-md-2 gutters-row-v-2 style-1380 style-local-623-c11 position-relative\">\r\n        <!---->\r\n        <div class=\"h-row justify-content-lg-center justify-content-md-center justify-content-center align-items-lg-stretch align-items-md-stretch align-items-stretch gutters-col-lg-2 gutters-col-md-2 gutters-col-0 gutters-col-v-lg-2 gutters-col-v-md-2 gutters-col-v-2\">\r\n          <!---->\r\n          <div class=\"h-column h-column-container d-flex h-col-lg-auto h-col-md-auto h-col-auto style-1381-outer style-local-623-c12-outer\">\r\n            <div data-colibri-id=\"623-c12\" class=\"d-flex h-flex-basis h-column__inner h-px-lg-2 h-px-md-2 h-px-2 v-inner-lg-2 v-inner-md-2 v-inner-2 style-1381 style-local-623-c12 position-relative\">\r\n              <!---->\r\n              <!---->\r\n              <div class=\"w-100 h-y-container h-column__content h-column__v-align flex-basis-100 align-self-lg-center align-self-md-center align-self-center\">\r\n                <!---->\r\n                <div data-colibri-id=\"623-c13\" class=\"h-x-container style-1382 style-local-623-c13 position-relative h-element\">\r\n                  <!---->\r\n                  <div class=\"h-x-container-inner style-dynamic-623-c13-group style-1382-spacing style-local-623-c13-spacing\"><span class=\"h-link__outer style-1383-outer style-local-623-c14-outer d-inline-flex h-element\"><a h-use-smooth-scroll=\"true\" href=\"mailto:baydar@balgathukuk.com\"  data-colibri-id=\"623-c14\" class=\"d-flex w-100 align-items-center h-link style-1383 style-local-623-c14 position-relative\"><!----><span  class=\"h-svg-icon h-link__icon style-1383-icon style-local-623-c14-icon\"><!--Icon by Socicon (http:\/\/www.socicon.com)--><svg version=\"1.1\" xmlns=\"http:\/\/www.w3.org\/2000\/svg\" viewBox=\"0 0 1500 1500\">\r\n\r\n<path d=\"M799.805 922.852c-14.648 11.719-32.227 20.508-49.805 20.508s-35.156-8.789-49.805-20.508l-700.195-571.289v899.414h1500v-899.414zM750 750c14.648 0 29.297-5.859 41.016-14.648l594.727-486.328h-1271.484l594.727 486.328c11.719 8.789 26.367 14.648 41.016 14.648z\"><\/path>\r\n<\/svg>\r\n<\/span> <span>baydar@balgathukuk.com<\/span><\/a>\r\n                    <\/span>\r\n                  <\/div>\r\n                <\/div>\r\n                <div data-colibri-id=\"623-c15\" class=\"h-x-container style-1832 style-local-623-c15 position-relative h-element\">\r\n                  <!---->\r\n                  <div class=\"h-x-container-inner style-dynamic-623-c15-group style-1832-spacing style-local-623-c15-spacing\"><span class=\"h-link__outer style-1833-outer style-local-623-c16-outer d-inline-flex h-element\"><a h-use-smooth-scroll=\"true\" href=\"\"  data-colibri-id=\"623-c16\" class=\"d-flex w-100 align-items-center h-link style-1833 style-local-623-c16 position-relative\"><!----><span  class=\"h-svg-icon h-link__icon style-1833-icon style-local-623-c16-icon\"><!--Icon by Font Awesome (https:\/\/fontawesome.com)--><svg version=\"1.1\" xmlns=\"http:\/\/www.w3.org\/2000\/svg\" xmlns:xlink=\"http:\/\/www.w3.org\/1999\/xlink\" id=\"phone\" viewBox=\"0 0 1408 1896.0833\"><path d=\"M1408 1240q0 27-10 70.5t-21 68.5q-21 50-122 106-94 51-186 51-27 0-53-3.5t-57.5-12.5-47-14.5T856 1485t-49-18q-98-35-175-83-127-79-264-216T152 904q-48-77-83-175-3-9-18-49t-20.5-55.5-14.5-47T3.5 520 0 467q0-92 51-186 56-101 106-122 25-11 68.5-21t70.5-10q14 0 21 3 18 6 53 76 11 19 30 54t35 63.5 31 53.5q3 4 17.5 25t21.5 35.5 7 28.5q0 20-28.5 50t-62 55-62 53-28.5 46q0 9 5 22.5t8.5 20.5 14 24 11.5 19q76 137 174 235t235 174q2 1 19 11.5t24 14 20.5 8.5 22.5 5q18 0 46-28.5t53-62 55-62 50-28.5q14 0 28.5 7t35.5 21.5 25 17.5q25 15 53.5 31t63.5 35 54 30q70 35 76 53 3 7 3 21z\"><\/path><\/svg><\/span>                    <span>0554 235 6454<\/span><\/a>\r\n                    <\/span>\r\n                  <\/div>\r\n                <\/div>\r\n              <\/div>\r\n            <\/div>\r\n          <\/div>\r\n        <\/div>\r\n      <\/div>\r\n    <\/div>\r\n  <\/div>\r\n<\/div>","protected":false},"excerpt":{"rendered":"<p>1990 y\u0131l\u0131nda Ankara ili \u015eerefliko\u00e7hisar il\u00e7esinde d\u00fcnyaya geldi. Y\u00fcksek ba\u015far\u0131 bursu ile e\u011fitimini tamamlad\u0131\u011f\u0131 At\u0131l\u0131m \u00dcniversitesi Hukuk Fak\u00fcltesi B\u00f6l\u00fcm\u00fcnden T\u00fcrkiye Barolar Birli\u011fi&#8217;ne ba\u011fl\u0131 bir \u00e7ok etkinlikte yer alarak 2018 y\u0131l\u0131nda mezun oldu. 2019 y\u0131l\u0131nda avukatl\u0131k staj\u0131n\u0131 tamamlayarak ruhsat\u0131n\u0131 al\u0131p, 2020 y\u0131l\u0131nda girdi\u011fi Arabuluculuk s\u0131nav\u0131nda y\u00fcksek ba\u015far\u0131 g\u00f6stererek Arabulucu Avukat oldu. Halen; Ankara Barosu levhas\u0131na kay\u0131tl\u0131 [&hellip;]<\/p>\n","protected":false},"author":7,"featured_media":0,"parent":0,"menu_order":0,"comment_status":"closed","ping_status":"closed","template":"page-templates\/full-width-page.php","meta":[],"_links":{"self":[{"href":"https:\/\/balgathukuk.com\/index.php?rest_route=\/wp\/v2\/pages\/623"}],"collection":[{"href":"https:\/\/balgathukuk.com\/index.php?rest_route=\/wp\/v2\/pages"}],"about":[{"href":"https:\/\/balgathukuk.com\/index.php?rest_route=\/wp\/v2\/types\/page"}],"author":[{"embeddable":true,"href":"https:\/\/balgathukuk.com\/index.php?rest_route=\/wp\/v2\/users\/7"}],"replies":[{"embeddable":true,"href":"https:\/\/balgathukuk.com\/index.php?rest_route=%2Fwp%2Fv2%2Fcomments&post=623"}],"version-history":[{"count":8,"href":"https:\/\/balgathukuk.com\/index.php?rest_route=\/wp\/v2\/pages\/623\/revisions"}],"predecessor-version":[{"id":1159,"href":"https:\/\/balgathukuk.com\/index.php?rest_route=\/wp\/v2\/pages\/623\/revisions\/1159"}],"wp:attachment":[{"href":"https:\/\/balgathukuk.com\/index.php?rest_route=%2Fwp%2Fv2%2Fmedia&parent=623"}],"curies":[{"name":"wp","href":"https:\/\/api.w.org\/{rel}","templated":true}]}}