{"id":361,"date":"2021-09-14T09:44:25","date_gmt":"2021-09-14T06:44:25","guid":{"rendered":"https:\/\/balgathukuk.com\/?page_id=361"},"modified":"2021-09-14T09:44:25","modified_gmt":"2021-09-14T06:44:25","slug":"calisma-alanlarimiz","status":"publish","type":"page","link":"https:\/\/balgathukuk.com\/?page_id=361","title":{"rendered":"\u00c7al\u0131\u015fma Alanlar\u0131m\u0131z"},"content":{"rendered":"\n<p>x<\/p>\n","protected":false},"excerpt":{"rendered":"<p>x<\/p>\n","protected":false},"author":7,"featured_media":0,"parent":0,"menu_order":0,"comment_status":"closed","ping_status":"closed","template":"","meta":[],"_links":{"self":[{"href":"https:\/\/balgathukuk.com\/index.php?rest_route=\/wp\/v2\/pages\/361"}],"collection":[{"href":"https:\/\/balgathukuk.com\/index.php?rest_route=\/wp\/v2\/pages"}],"about":[{"href":"https:\/\/balgathukuk.com\/index.php?rest_route=\/wp\/v2\/types\/page"}],"author":[{"embeddable":true,"href":"https:\/\/balgathukuk.com\/index.php?rest_route=\/wp\/v2\/users\/7"}],"replies":[{"embeddable":true,"href":"https:\/\/balgathukuk.com\/index.php?rest_route=%2Fwp%2Fv2%2Fcomments&post=361"}],"version-history":[{"count":1,"href":"https:\/\/balgathukuk.com\/index.php?rest_route=\/wp\/v2\/pages\/361\/revisions"}],"predecessor-version":[{"id":362,"href":"https:\/\/balgathukuk.com\/index.php?rest_route=\/wp\/v2\/pages\/361\/revisions\/362"}],"wp:attachment":[{"href":"https:\/\/balgathukuk.com\/index.php?rest_route=%2Fwp%2Fv2%2Fmedia&parent=361"}],"curies":[{"name":"wp","href":"https:\/\/api.w.org\/{rel}","templated":true}]}}