{"id":1430,"date":"2022-06-10T16:18:20","date_gmt":"2022-06-10T13:18:20","guid":{"rendered":"https:\/\/balgathukuk.com\/?page_id=1430"},"modified":"2022-09-09T11:47:19","modified_gmt":"2022-09-09T08:47:19","slug":"mujgan-tanriverdi","status":"publish","type":"page","link":"https:\/\/balgathukuk.com\/?page_id=1430","title":{"rendered":"M\u00fcjgan TANRIVERD\u0130"},"content":{"rendered":"<div data-colibri-id=\"1430-c1\" class=\"style-1920 style-local-1430-c1 position-relative\">\n  <!---->\n  <div data-colibri-component=\"section\" data-colibri-id=\"1430-c13\" id=\"custom-2\" class=\"h-section h-section-global-spacing d-flex align-items-lg-center align-items-md-center align-items-center style-2015 style-local-1430-c13 position-relative\">\n    <!---->\n    <!---->\n    <div class=\"h-section-grid-container h-section-boxed-container\">\n      <!---->\n      <div data-colibri-id=\"1430-c14\" class=\"h-row-container gutters-row-lg-2 gutters-row-md-2 gutters-row-0 gutters-row-v-lg-2 gutters-row-v-md-2 gutters-row-v-2 style-2016 style-local-1430-c14 position-relative\">\n        <!---->\n        <div class=\"h-row justify-content-lg-center justify-content-md-center justify-content-center align-items-lg-stretch align-items-md-stretch align-items-stretch gutters-col-lg-2 gutters-col-md-2 gutters-col-0 gutters-col-v-lg-2 gutters-col-v-md-2 gutters-col-v-2\">\n          <!---->\n          <div class=\"h-column h-column-container d-flex h-col-lg-auto h-col-md-auto h-col-auto style-2017-outer style-local-1430-c15-outer\">\n            <div data-colibri-id=\"1430-c15\" class=\"d-flex h-flex-basis h-column__inner h-px-lg-2 h-px-md-2 h-px-2 v-inner-lg-2 v-inner-md-2 v-inner-2 style-2017 style-local-1430-c15 position-relative\">\n              <!---->\n              <!---->\n              <div class=\"w-100 h-y-container h-column__content h-column__v-align flex-basis-100 align-self-lg-start align-self-md-start align-self-start\">\n                <!---->\n                <div data-colibri-id=\"1430-c16\" class=\"d-block style-2018 style-local-1430-c16 position-relative h-element\">\n                  <!---->\n                  <div class=\"h-image__frame-container-outer\">\n                    <div class=\"h-image__frame-container\">\n                      <!---->\n                      <!---->\n                      <img src=\"https:\/\/balgathukuk.com\/wp-content\/uploads\/2022\/06\/cropped-mujgen_tanriverdi2-1-300x300.jpeg\" class=\"style-2018-image style-local-1430-c16-image\">\n                      <div class=\"h-image__frame h-hide-lg h-hide-md h-hide-sm style-2018-frameImage style-local-1430-c16-frameImage\"><\/div>\n                    <\/div>\n                  <\/div>\n                <\/div>\n              <\/div>\n            <\/div>\n          <\/div>\n        <\/div>\n      <\/div>\n    <\/div>\n  <\/div>\n  <div data-colibri-component=\"section\" data-colibri-id=\"1430-c2\" id=\"initial-content\" class=\"h-section h-section-global-spacing d-flex align-items-lg-center align-items-md-center align-items-center style-1921 style-local-1430-c2 position-relative\">\n    <!---->\n    <!---->\n    <div class=\"h-section-grid-container h-section-boxed-container\">\n      <!---->\n      <div data-colibri-id=\"1430-c3\" class=\"h-row-container gutters-row-lg-2 gutters-row-md-2 gutters-row-0 gutters-row-v-lg-2 gutters-row-v-md-2 gutters-row-v-2 style-1922 style-local-1430-c3 position-relative\">\n        <!---->\n        <div class=\"h-row justify-content-lg-center justify-content-md-center justify-content-center align-items-lg-stretch align-items-md-stretch align-items-stretch gutters-col-lg-2 gutters-col-md-2 gutters-col-0 gutters-col-v-lg-2 gutters-col-v-md-2 gutters-col-v-2\">\n          <!---->\n          <div class=\"h-column h-column-container d-flex h-col-lg-auto h-col-md-auto h-col-auto style-1923-outer style-local-1430-c4-outer\">\n            <div data-colibri-id=\"1430-c4\" class=\"d-flex h-flex-basis h-column__inner h-px-lg-2 h-px-md-2 h-px-2 v-inner-lg-2 v-inner-md-2 v-inner-2 style-1923 style-local-1430-c4 position-relative\">\n              <!---->\n              <!---->\n              <div class=\"w-100 h-y-container h-column__content h-column__v-align flex-basis-100 align-self-lg-start align-self-md-start align-self-start\">\n                <!---->\n                <div data-colibri-id=\"1430-c5\" class=\"style-1924 style-local-1430-c5 position-relative h-element\">\n                  <!---->\n                  <div>\n                    \n                    <p>1968 y\u0131l\u0131nda Ankara\u2019da d\u00fcnyaya gelmi\u015ftir. Ba\u015fkent Lisesi\u2019nden 1985 y\u0131l\u0131nda mezun olduktan sonra turizm sekt\u00f6r\u00fcnde \u00e7al\u0131\u015fm\u0131\u015f ve uzun bir s\u00fcre bu sekt\u00f6rde y\u00f6neticilik yapm\u0131\u015ft\u0131r. 2014 y\u0131l\u0131ndan bu yana ise hukuk b\u00fcrolar\u0131nda \u00e7al\u0131\u015fmakta olup,\n                      sigorta hukuku ba\u015fta olmak \u00fczere \u00e7e\u015fitli hukuk disiplinlerinde tecr\u00fcbe kazanm\u0131\u015ft\u0131r. \u00d6zellikle trafik ve i\u015f kazalar\u0131yla ilgilenen hukuk b\u00fcrolar\u0131nda \u00e7al\u0131\u015fm\u0131\u015f olmas\u0131 hasebiyle bu husustaki mevzuatta bilgi ve deneyime sahip olan M\u00fcjgan\n                      TANRIVERD\u0130 halen Balgat Hukuk &amp; Arabuluculuk B\u00fcrosunda k\u00e2tip olarak \u00e7al\u0131\u015fmalar\u0131n\u0131 s\u00fcrd\u00fcrmektedir.<\/p>\n                    \n                  <\/div>\n                <\/div>\n              <\/div>\n            <\/div>\n          <\/div>\n        <\/div>\n      <\/div>\n    <\/div>\n  <\/div>\n  <div data-colibri-component=\"section\" data-colibri-id=\"1430-c6\" id=\"custom\" class=\"h-section h-section-global-spacing d-flex align-items-lg-center align-items-md-center align-items-center style-1925 style-local-1430-c6 position-relative\">\n    <!---->\n    <!---->\n    <div class=\"h-section-grid-container h-section-boxed-container\">\n      <!---->\n      <div data-colibri-id=\"1430-c7\" class=\"h-row-container gutters-row-lg-2 gutters-row-md-2 gutters-row-0 gutters-row-v-lg-2 gutters-row-v-md-2 gutters-row-v-2 style-1926 style-local-1430-c7 position-relative\">\n        <!---->\n        <div class=\"h-row justify-content-lg-center justify-content-md-center justify-content-center align-items-lg-stretch align-items-md-stretch align-items-stretch gutters-col-lg-2 gutters-col-md-2 gutters-col-0 gutters-col-v-lg-2 gutters-col-v-md-2 gutters-col-v-2\">\n          <!---->\n          <div class=\"h-column h-column-container d-flex h-col-lg-auto h-col-md-auto h-col-auto style-1927-outer style-local-1430-c8-outer\">\n            <div data-colibri-id=\"1430-c8\" class=\"d-flex h-flex-basis h-column__inner h-px-lg-2 h-px-md-2 h-px-2 v-inner-lg-2 v-inner-md-2 v-inner-2 style-1927 style-local-1430-c8 position-relative\">\n              <!---->\n              <!---->\n              <div class=\"w-100 h-y-container h-column__content h-column__v-align flex-basis-100 align-self-lg-start align-self-md-start align-self-start\">\n                <!---->\n                <div data-colibri-id=\"1430-c9\" class=\"h-x-container style-1928 style-local-1430-c9 position-relative h-element\">\n                  <!---->\n                  <div class=\"h-x-container-inner style-dynamic-1430-c9-group style-1928-spacing style-local-1430-c9-spacing\"><span class=\"h-link__outer style-1929-outer style-local-1430-c10-outer d-inline-flex h-element\"><a h-use-smooth-scroll=\"true\" href=\"mailto:mujgan.balgathukuk@gmail.com\"  data-colibri-id=\"1430-c10\" class=\"d-flex w-100 align-items-center h-link style-1929 style-local-1430-c10 position-relative\"><!----><span  class=\"h-svg-icon h-link__icon style-1929-icon style-local-1430-c10-icon\"><!--Icon by Socicon (http:\/\/www.socicon.com)--><svg version=\"1.1\" xmlns=\"http:\/\/www.w3.org\/2000\/svg\" viewBox=\"0 0 1500 1500\">\n\n<path d=\"M799.805 922.852c-14.648 11.719-32.227 20.508-49.805 20.508s-35.156-8.789-49.805-20.508l-700.195-571.289v899.414h1500v-899.414zM750 750c14.648 0 29.297-5.859 41.016-14.648l594.727-486.328h-1271.484l594.727 486.328c11.719 8.789 26.367 14.648 41.016 14.648z\"><\/path>\n<\/svg>\n<\/span> <span>mujgan.balgathukuk@gmail.com<\/span><\/a>\n                    <\/span>\n                  <\/div>\n                <\/div>\n                <div data-colibri-id=\"1430-c11\" class=\"h-x-container style-1932 style-local-1430-c11 position-relative h-element\">\n                  <!---->\n                  <div class=\"h-x-container-inner style-dynamic-1430-c11-group style-1932-spacing style-local-1430-c11-spacing\"><span class=\"h-link__outer style-1933-outer style-local-1430-c12-outer d-inline-flex h-element\"><a h-use-smooth-scroll=\"true\" href=\"\"  data-colibri-id=\"1430-c12\" class=\"d-flex w-100 align-items-center h-link style-1933 style-local-1430-c12 position-relative\"><!----><span  class=\"h-svg-icon h-link__icon style-1933-icon style-local-1430-c12-icon\"><!--Icon by Font Awesome (https:\/\/fontawesome.com)--><svg version=\"1.1\" xmlns=\"http:\/\/www.w3.org\/2000\/svg\" xmlns:xlink=\"http:\/\/www.w3.org\/1999\/xlink\" id=\"phone\" viewBox=\"0 0 1408 1896.0833\"><path d=\"M1408 1240q0 27-10 70.5t-21 68.5q-21 50-122 106-94 51-186 51-27 0-53-3.5t-57.5-12.5-47-14.5T856 1485t-49-18q-98-35-175-83-127-79-264-216T152 904q-48-77-83-175-3-9-18-49t-20.5-55.5-14.5-47T3.5 520 0 467q0-92 51-186 56-101 106-122 25-11 68.5-21t70.5-10q14 0 21 3 18 6 53 76 11 19 30 54t35 63.5 31 53.5q3 4 17.5 25t21.5 35.5 7 28.5q0 20-28.5 50t-62 55-62 53-28.5 46q0 9 5 22.5t8.5 20.5 14 24 11.5 19q76 137 174 235t235 174q2 1 19 11.5t24 14 20.5 8.5 22.5 5q18 0 46-28.5t53-62 55-62 50-28.5q14 0 28.5 7t35.5 21.5 25 17.5q25 15 53.5 31t63.5 35 54 30q70 35 76 53 3 7 3 21z\"><\/path><\/svg><\/span>                    <span>0542 198 16 08<\/span><\/a>\n                    <\/span>\n                  <\/div>\n                <\/div>\n              <\/div>\n            <\/div>\n          <\/div>\n        <\/div>\n      <\/div>\n    <\/div>\n  <\/div>\n<\/div>","protected":false},"excerpt":{"rendered":"<p>1968 y\u0131l\u0131nda Ankara\u2019da d\u00fcnyaya gelmi\u015ftir. Ba\u015fkent Lisesi\u2019nden 1985 y\u0131l\u0131nda mezun olduktan sonra turizm sekt\u00f6r\u00fcnde \u00e7al\u0131\u015fm\u0131\u015f ve uzun bir s\u00fcre bu sekt\u00f6rde y\u00f6neticilik yapm\u0131\u015ft\u0131r. 2014 y\u0131l\u0131ndan bu yana ise hukuk b\u00fcrolar\u0131nda \u00e7al\u0131\u015fmakta olup, sigorta hukuku ba\u015fta olmak \u00fczere \u00e7e\u015fitli hukuk disiplinlerinde tecr\u00fcbe kazanm\u0131\u015ft\u0131r. \u00d6zellikle trafik ve i\u015f kazalar\u0131yla ilgilenen hukuk b\u00fcrolar\u0131nda \u00e7al\u0131\u015fm\u0131\u015f olmas\u0131 hasebiyle bu husustaki [&hellip;]<\/p>\n","protected":false},"author":7,"featured_media":0,"parent":0,"menu_order":0,"comment_status":"closed","ping_status":"closed","template":"page-templates\/full-width-page.php","meta":[],"_links":{"self":[{"href":"https:\/\/balgathukuk.com\/index.php?rest_route=\/wp\/v2\/pages\/1430"}],"collection":[{"href":"https:\/\/balgathukuk.com\/index.php?rest_route=\/wp\/v2\/pages"}],"about":[{"href":"https:\/\/balgathukuk.com\/index.php?rest_route=\/wp\/v2\/types\/page"}],"author":[{"embeddable":true,"href":"https:\/\/balgathukuk.com\/index.php?rest_route=\/wp\/v2\/users\/7"}],"replies":[{"embeddable":true,"href":"https:\/\/balgathukuk.com\/index.php?rest_route=%2Fwp%2Fv2%2Fcomments&post=1430"}],"version-history":[{"count":5,"href":"https:\/\/balgathukuk.com\/index.php?rest_route=\/wp\/v2\/pages\/1430\/revisions"}],"predecessor-version":[{"id":1634,"href":"https:\/\/balgathukuk.com\/index.php?rest_route=\/wp\/v2\/pages\/1430\/revisions\/1634"}],"wp:attachment":[{"href":"https:\/\/balgathukuk.com\/index.php?rest_route=%2Fwp%2Fv2%2Fmedia&parent=1430"}],"curies":[{"name":"wp","href":"https:\/\/api.w.org\/{rel}","templated":true}]}}